{"id":785,"date":"2025-11-10T13:10:26","date_gmt":"2025-11-10T12:10:26","guid":{"rendered":"https:\/\/bcnkera.dms3labs.cat\/?page_id=785"},"modified":"2025-11-10T14:25:29","modified_gmt":"2025-11-10T13:25:29","slug":"politica-cookies","status":"publish","type":"page","link":"https:\/\/www.bcn3dceramics.com\/ca\/politica-cookies\/","title":{"rendered":"Pol\u00edtica de galetes"},"content":{"rendered":"<p>[et_pb_section fb_built=&#8221;1&#8243; _builder_version=&#8221;4.23.1&#8243; _module_preset=&#8221;default&#8221; background_color=&#8221;#D7D8DE&#8221; global_colors_info=&#8221;{}&#8221;][et_pb_row module_class=&#8221;row-h1&#8243; _builder_version=&#8221;4.23.1&#8243; _module_preset=&#8221;default&#8221; custom_padding=&#8221;0px||0px||false|false&#8221; global_colors_info=&#8221;{}&#8221;][et_pb_column type=&#8221;4_4&#8243; _builder_version=&#8221;4.23.1&#8243; _module_preset=&#8221;default&#8221; global_colors_info=&#8221;{}&#8221;][et_pb_text module_class=&#8221;text-h1-header&#8221; _builder_version=&#8221;4.23.1&#8243; _module_preset=&#8221;default&#8221; global_colors_info=&#8221;{}&#8221;]B3DC<\/p>\n<h1>Pol\u00edtica de galetes<\/h1>\n<p>[\/et_pb_text][\/et_pb_column][\/et_pb_row][\/et_pb_section][et_pb_section fb_built=&#8221;1&#8243; _builder_version=&#8221;4.23.1&#8243; _module_preset=&#8221;default&#8221; background_enable_color=&#8221;off&#8221; global_colors_info=&#8221;{}&#8221;][et_pb_row module_class=&#8221;row-h1&#8243; _builder_version=&#8221;4.23.1&#8243; _module_preset=&#8221;default&#8221; custom_padding=&#8221;0px||0px||false|false&#8221; global_colors_info=&#8221;{}&#8221;][et_pb_column type=&#8221;4_4&#8243; _builder_version=&#8221;4.23.1&#8243; _module_preset=&#8221;default&#8221; global_colors_info=&#8221;{}&#8221;][et_pb_text module_class=&#8221;text-h1-header&#8221; _builder_version=&#8221;4.24.2&#8243; _module_preset=&#8221;default&#8221; hover_enabled=&#8221;0&#8243; global_colors_info=&#8221;{}&#8221; sticky_enabled=&#8221;0&#8243;]<\/p>\n<h2>Sobre aquesta pol\u00edtica de galetes.<\/h2>\n<p>Aquest lloc web utilitza galetes pr\u00f2pies i de tercers per oferir-vos una millor experi\u00e8ncia i servei. En navegar o utilitzar els nostres serveis l&#8217;usuari accepta l&#8217;\u00fas que fem de les galetes. No obstant aix\u00f2, l&#8217;usuari t\u00e9 l&#8217;opci\u00f3 d&#8217;impedir la generaci\u00f3 de galetes i l&#8217;eliminaci\u00f3 de les mateixes mitjan\u00e7ant la selecci\u00f3 de la corresponent. Per obtenir m\u00e9s informaci\u00f3 sobre qui som, com podeu contactar amb nosaltres i com processem les vostres dades personals a la nostra <a href=\"https:\/\/www.bcn3dceramics.com\/ca\/politica-privacitat\/\">Pol\u00edtica de privacitat<\/a>.<\/p>\n<p>El vostre consentiment s&#8217;aplica als dominis seg\u00fcents: <a href=\"https:\/\/www.bcn3dceramics.com\/ca\/\">www.bcn3dceramics.com\/<\/a><\/p>\n<h2>Qu\u00e8 s\u00f3n les galetes?<\/h2>\n<p>Les galetes s\u00f3n petits fitxers de text que s&#8217;utilitzen per emmagatzemar petites peces d&#8217;informaci\u00f3. Les galetes s&#8217;emmagatzemen al vostre dispositiu quan es carrega el lloc web al vostre navegador. Aquestes galetes ens ajuden que el lloc web funcioni correctament, a fer-lo m\u00e9s segur, a oferir una millor experi\u00e8ncia d&#8217;usuari i a entendre com funciona el lloc web i analitzar qu\u00e8 funciona i on millorar.<\/p>\n<h2>Com utilitzem les galetes?<\/h2>\n<p>Com la majoria dels serveis en l\u00ednia, el nostre lloc web utilitza galetes pr\u00f2pies i de tercers per a diversos prop\u00f2sits. Les galetes pr\u00f2pies s\u00f3n b\u00e0sicament necess\u00e0ries perqu\u00e8 el lloc web funcioni correctament i no recullen cap de les vostres dades d&#8217;identificaci\u00f3 personal. Les galetes de tercers que s&#8217;empren als nostres llocs web s&#8217;utilitzen principalment per entendre com funciona el lloc web, com interactueu amb el nostre lloc web, mantenir els nostres serveis segurs, oferir anuncis que us siguin rellevants. Tot aix\u00f2 serveix per oferir-vos una millor experi\u00e8ncia d&#8217;usuari i ajuda a accelerar les vostres futures interaccions amb el nostre lloc web.<\/p>\n<h2>Quins tipus de galetes utilitzem?<\/h2>\n<p>La seg\u00fcent llista detalla les galetes utilitzades al nostre lloc web.  <span>[wcc_category_list]<\/span><\/p>\n<h2>Com puc controlar les prefer\u00e8ncies de galetes?<\/h2>\n<p>Podeu gestionar les vostres prefer\u00e8ncies de galetes fent clic al bot\u00f3  <span>[wcc_preference_button]<\/span>  i activant o desactivant les categories de galetes a la finestra emergent segons les vostres prefer\u00e8ncies. Si decidiu canviar les vostres prefer\u00e8ncies m\u00e9s tard durant la vostra sessi\u00f3 de navegaci\u00f3, podeu fer clic a la pestanya &#8220;Gestiona el consentiment&#8221; de la vostra pantalla. Aix\u00f2 tornar\u00e0 a mostrar l&#8217;av\u00eds de consentiment que us permetr\u00e0 canviar les vostres prefer\u00e8ncies o retirar el vostre consentiment completament. A m\u00e9s d&#8217;aix\u00f2, diferents navegadors ofereixen diferents m\u00e8todes per bloquejar i eliminar les galetes utilitzades pels llocs web. Podeu canviar la configuraci\u00f3 del vostre navegador per bloquejar\/eliminar les galetes.<\/p>\n<p>Per obtenir m\u00e9s informaci\u00f3 sobre com gestionar i eliminar les galetes, visiteu <a href=\"https:\/\/wikipedia.org\" target=\"_blank\" rel=\"noopener\">wikipedia.org<\/a>, <a href=\"https:\/\/www.allaboutcookies.org\" target=\"_blank\" rel=\"noopener\">www.allaboutcookies.org<\/a>.<\/p>\n<p>[\/et_pb_text][\/et_pb_column][\/et_pb_row][\/et_pb_section]<\/p>\n","protected":false},"excerpt":{"rendered":"<p>B3DC Pol\u00edtica de galetesSobre aquesta pol\u00edtica de galetes. Aquest lloc web utilitza galetes pr\u00f2pies i de tercers per oferir-vos una millor experi\u00e8ncia i servei. En navegar o utilitzar els nostres serveis l&#8217;usuari accepta l&#8217;\u00fas que fem de les galetes. No obstant aix\u00f2, l&#8217;usuari t\u00e9 l&#8217;opci\u00f3 d&#8217;impedir la generaci\u00f3 de galetes i l&#8217;eliminaci\u00f3 de les mateixes [&hellip;]<\/p>\n","protected":false},"author":1,"featured_media":0,"parent":0,"menu_order":0,"comment_status":"closed","ping_status":"closed","template":"","meta":{"_acf_changed":false,"_et_pb_use_builder":"on","_et_pb_old_content":"","_et_gb_content_width":"","footnotes":""},"dipi_cpt_category":[],"class_list":["post-785","page","type-page","status-publish","hentry"],"acf":[],"_links":{"self":[{"href":"https:\/\/www.bcn3dceramics.com\/ca\/wp-json\/wp\/v2\/pages\/785","targetHints":{"allow":["GET"]}}],"collection":[{"href":"https:\/\/www.bcn3dceramics.com\/ca\/wp-json\/wp\/v2\/pages"}],"about":[{"href":"https:\/\/www.bcn3dceramics.com\/ca\/wp-json\/wp\/v2\/types\/page"}],"author":[{"embeddable":true,"href":"https:\/\/www.bcn3dceramics.com\/ca\/wp-json\/wp\/v2\/users\/1"}],"replies":[{"embeddable":true,"href":"https:\/\/www.bcn3dceramics.com\/ca\/wp-json\/wp\/v2\/comments?post=785"}],"version-history":[{"count":11,"href":"https:\/\/www.bcn3dceramics.com\/ca\/wp-json\/wp\/v2\/pages\/785\/revisions"}],"predecessor-version":[{"id":2847,"href":"https:\/\/www.bcn3dceramics.com\/ca\/wp-json\/wp\/v2\/pages\/785\/revisions\/2847"}],"wp:attachment":[{"href":"https:\/\/www.bcn3dceramics.com\/ca\/wp-json\/wp\/v2\/media?parent=785"}],"wp:term":[{"taxonomy":"dipi_cpt_category","embeddable":true,"href":"https:\/\/www.bcn3dceramics.com\/ca\/wp-json\/wp\/v2\/dipi_cpt_category?post=785"}],"curies":[{"name":"wp","href":"https:\/\/api.w.org\/{rel}","templated":true}]}}