{"id":33,"date":"2023-11-22T08:37:05","date_gmt":"2023-11-22T07:37:05","guid":{"rendered":"https:\/\/bcnkera.dms3labs.cat\/?page_id=33"},"modified":"2024-03-20T09:09:51","modified_gmt":"2024-03-20T08:09:51","slug":"acabats-per-a-la-impressio-ceramica-3d","status":"publish","type":"page","link":"https:\/\/www.bcn3dceramics.com\/ca\/acabats-per-a-la-impressio-ceramica-3d\/","title":{"rendered":"Acabats per a la impressi\u00f3 cer\u00e0mica 3D"},"content":{"rendered":"<p>[et_pb_section fb_built=&#8221;1&#8243; _builder_version=&#8221;4.23.1&#8243; _module_preset=&#8221;default&#8221; background_color=&#8221;#D7D8DE&#8221; global_colors_info=&#8221;{}&#8221;][et_pb_row module_class=&#8221;row-h1&#8243; _builder_version=&#8221;4.24.2&#8243; _module_preset=&#8221;default&#8221; custom_padding=&#8221;0px||0px||false|false&#8221; global_colors_info=&#8221;{}&#8221;][et_pb_column type=&#8221;4_4&#8243; _builder_version=&#8221;4.23.1&#8243; _module_preset=&#8221;default&#8221; global_colors_info=&#8221;{}&#8221;][et_pb_text module_class=&#8221;text-h1-header&#8221; _builder_version=&#8221;4.23.1&#8243; _module_preset=&#8221;default&#8221; global_colors_info=&#8221;{}&#8221;]<\/p>\n<p>B3DC<\/p>\n<h1>Acabats per a la impressi\u00f3 cer\u00e0mica 3D<\/h1>\n<p>[\/et_pb_text][\/et_pb_column][\/et_pb_row][\/et_pb_section][et_pb_section fb_built=&#8221;1&#8243; _builder_version=&#8221;4.23.1&#8243; _module_preset=&#8221;default&#8221; global_colors_info=&#8221;{}&#8221;][et_pb_row column_structure=&#8221;3_4,1_4&#8243; _builder_version=&#8221;4.23.1&#8243; _module_preset=&#8221;default&#8221; locked=&#8221;off&#8221; global_colors_info=&#8221;{}&#8221;][et_pb_column type=&#8221;3_4&#8243; _builder_version=&#8221;4.23.1&#8243; _module_preset=&#8221;default&#8221; global_colors_info=&#8221;{}&#8221;][et_pb_text _builder_version=&#8221;4.24.2&#8243; _module_preset=&#8221;default&#8221; global_colors_info=&#8221;{}&#8221;]<\/p>\n<h2>Esmalts de cer\u00e0mica<\/h2>\n<p>[\/et_pb_text][\/et_pb_column][et_pb_column type=&#8221;1_4&#8243; _builder_version=&#8221;4.23.1&#8243; _module_preset=&#8221;default&#8221; global_colors_info=&#8221;{}&#8221;][\/et_pb_column][\/et_pb_row][et_pb_row column_structure=&#8221;1_3,1_3,1_3&#8243; _builder_version=&#8221;4.23.1&#8243; _module_preset=&#8221;default&#8221; module_alignment=&#8221;center&#8221; global_colors_info=&#8221;{}&#8221;][et_pb_column type=&#8221;1_3&#8243; _builder_version=&#8221;4.23.1&#8243; _module_preset=&#8221;default&#8221; global_colors_info=&#8221;{}&#8221;][et_pb_cta title=&#8221;Llustres&#8221; _builder_version=&#8221;4.23.1&#8243; _module_preset=&#8221;default&#8221; global_colors_info=&#8221;{}&#8221;]Or, coure, plat\u00ed.[\/et_pb_cta][et_pb_image src=&#8221;https:\/\/bcn3dceramics.com\/wp-content\/uploads\/2024\/01\/tecnologies-binderjet-bcn3dceramics22.jpg&#8221; alt=&#8221;Tecnologia Binderjet cer\u00e0mica de BCN 3D CERAMICS.&#8221; title_text=&#8221;Tecnologia Binderjet cer\u00e0mica de BCN 3D CERAMICS.&#8221; _builder_version=&#8221;4.23.1&#8243; _module_preset=&#8221;default&#8221; global_colors_info=&#8221;{}&#8221;][\/et_pb_image][\/et_pb_column][et_pb_column type=&#8221;1_3&#8243; _builder_version=&#8221;4.23.1&#8243; _module_preset=&#8221;default&#8221; global_colors_info=&#8221;{}&#8221;][et_pb_cta title=&#8221;Colors naturals&#8221; _builder_version=&#8221;4.23.1&#8243; _module_preset=&#8221;default&#8221; global_colors_info=&#8221;{}&#8221;]Terracota, gres, porcellana&#8230;[\/et_pb_cta][et_pb_image src=&#8221;https:\/\/bcn3dceramics.com\/wp-content\/uploads\/2024\/01\/colors-naturals-bcn3dceramics.jpg&#8221; alt=&#8221;Colors naturals de BCN 3D CERAMICS.&#8221; title_text=&#8221;Colors naturals de BCN 3D CERAMICS.&#8221; _builder_version=&#8221;4.23.1&#8243; _module_preset=&#8221;default&#8221; global_colors_info=&#8221;{}&#8221;][\/et_pb_image][\/et_pb_column][et_pb_column type=&#8221;1_3&#8243; _builder_version=&#8221;4.23.1&#8243; _module_preset=&#8221;default&#8221; global_colors_info=&#8221;{}&#8221;][et_pb_cta title=&#8221;F\u00f3rmules complexes&#8221; _builder_version=&#8221;4.23.1&#8243; _module_preset=&#8221;default&#8221; global_colors_info=&#8221;{}&#8221;]Craquelat, textures, aig\u00fces.[\/et_pb_cta][et_pb_image src=&#8221;https:\/\/bcn3dceramics.com\/wp-content\/uploads\/2024\/01\/tecnologies-binderjet-bcn3dceramics19.jpg&#8221; alt=&#8221;Tecnologia Binderjet cer\u00e0mica de BCN 3D CERAMICS.&#8221; title_text=&#8221;Tecnologia Binderjet cer\u00e0mica de BCN 3D CERAMICS.&#8221; _builder_version=&#8221;4.23.1&#8243; _module_preset=&#8221;default&#8221; global_colors_info=&#8221;{}&#8221;][\/et_pb_image][\/et_pb_column][\/et_pb_row][\/et_pb_section][et_pb_section fb_built=&#8221;1&#8243; _builder_version=&#8221;4.23.1&#8243; _module_preset=&#8221;default&#8221; global_colors_info=&#8221;{}&#8221;][et_pb_row column_structure=&#8221;1_3,1_3,1_3&#8243; gutter_width=&#8221;1&#8243; _builder_version=&#8221;4.23.1&#8243; _module_preset=&#8221;default&#8221; custom_padding=&#8221;||0px||false|false&#8221; global_colors_info=&#8221;{}&#8221;][et_pb_column type=&#8221;1_3&#8243; _builder_version=&#8221;4.23.1&#8243; _module_preset=&#8221;default&#8221; global_colors_info=&#8221;{}&#8221;][et_pb_image src=&#8221;https:\/\/bcn3dceramics.com\/wp-content\/uploads\/2024\/01\/esmalts-bcn3dceramics.png&#8221; alt=&#8221;Esmalts de BCN 3D CERAMICS.&#8221; title_text=&#8221;Esmalts de BCN 3D CERAMICS.&#8221; _builder_version=&#8221;4.24.2&#8243; _module_preset=&#8221;fd44a3b4-e5e4-4c6c-91f9-7535528c46c5&#8243; hover_enabled=&#8221;0&#8243; global_colors_info=&#8221;{}&#8221; show_in_lightbox=&#8221;on&#8221; sticky_enabled=&#8221;0&#8243;][\/et_pb_image][\/et_pb_column][et_pb_column type=&#8221;1_3&#8243; _builder_version=&#8221;4.23.1&#8243; _module_preset=&#8221;default&#8221; global_colors_info=&#8221;{}&#8221;][et_pb_image src=&#8221;https:\/\/bcn3dceramics.com\/wp-content\/uploads\/2024\/01\/esmalts2-bcn3dceramics.png&#8221; alt=&#8221;Esmalts de BCN 3D CERAMICS.&#8221; title_text=&#8221;Esmalts de BCN 3D CERAMICS.&#8221; _builder_version=&#8221;4.24.2&#8243; _module_preset=&#8221;_initial&#8221; hover_enabled=&#8221;0&#8243; global_colors_info=&#8221;{}&#8221; show_in_lightbox=&#8221;on&#8221; sticky_enabled=&#8221;0&#8243;][\/et_pb_image][\/et_pb_column][et_pb_column type=&#8221;1_3&#8243; _builder_version=&#8221;4.23.1&#8243; _module_preset=&#8221;default&#8221; global_colors_info=&#8221;{}&#8221;][et_pb_image src=&#8221;https:\/\/bcn3dceramics.com\/wp-content\/uploads\/2024\/01\/esmalts3-bcn3dceramics.png&#8221; alt=&#8221;Esmalts de BCN 3D CERAMICS.&#8221; title_text=&#8221;Esmalts de BCN 3D CERAMICS.&#8221; _builder_version=&#8221;4.24.2&#8243; _module_preset=&#8221;_initial&#8221; hover_enabled=&#8221;0&#8243; global_colors_info=&#8221;{}&#8221; show_in_lightbox=&#8221;on&#8221; sticky_enabled=&#8221;0&#8243;][\/et_pb_image][\/et_pb_column][\/et_pb_row][et_pb_row column_structure=&#8221;1_3,1_3,1_3&#8243; gutter_width=&#8221;1&#8243; _builder_version=&#8221;4.23.1&#8243; _module_preset=&#8221;default&#8221; custom_padding=&#8221;0px||||false|false&#8221; global_colors_info=&#8221;{}&#8221;][et_pb_column type=&#8221;1_3&#8243; _builder_version=&#8221;4.23.1&#8243; _module_preset=&#8221;default&#8221; global_colors_info=&#8221;{}&#8221;][et_pb_image src=&#8221;https:\/\/bcn3dceramics.com\/wp-content\/uploads\/2024\/01\/esmalts4-bcn3dceramics.png&#8221; alt=&#8221;Esmalts de BCN 3D CERAMICS.&#8221; title_text=&#8221;Esmalts de BCN 3D CERAMICS.&#8221; _builder_version=&#8221;4.24.2&#8243; _module_preset=&#8221;fd44a3b4-e5e4-4c6c-91f9-7535528c46c5&#8243; hover_enabled=&#8221;0&#8243; global_colors_info=&#8221;{}&#8221; show_in_lightbox=&#8221;on&#8221; sticky_enabled=&#8221;0&#8243;][\/et_pb_image][\/et_pb_column][et_pb_column type=&#8221;1_3&#8243; _builder_version=&#8221;4.23.1&#8243; _module_preset=&#8221;default&#8221; global_colors_info=&#8221;{}&#8221;][et_pb_image src=&#8221;https:\/\/bcn3dceramics.com\/wp-content\/uploads\/2024\/01\/esmalts5-bcn3dceramics.png&#8221; alt=&#8221;Esmalts de BCN 3D CERAMICS.&#8221; title_text=&#8221;Esmalts de BCN 3D CERAMICS.&#8221; _builder_version=&#8221;4.24.2&#8243; _module_preset=&#8221;fd44a3b4-e5e4-4c6c-91f9-7535528c46c5&#8243; hover_enabled=&#8221;0&#8243; global_colors_info=&#8221;{}&#8221; show_in_lightbox=&#8221;on&#8221; sticky_enabled=&#8221;0&#8243;][\/et_pb_image][\/et_pb_column][et_pb_column type=&#8221;1_3&#8243; _builder_version=&#8221;4.23.1&#8243; _module_preset=&#8221;default&#8221; global_colors_info=&#8221;{}&#8221;][et_pb_image src=&#8221;https:\/\/bcn3dceramics.com\/wp-content\/uploads\/2024\/01\/esmalts6-bcn3dceramics.png&#8221; alt=&#8221;Esmalts de BCN 3D CERAMICS.&#8221; title_text=&#8221;Esmalts de BCN 3D CERAMICS.&#8221; _builder_version=&#8221;4.24.2&#8243; _module_preset=&#8221;fd44a3b4-e5e4-4c6c-91f9-7535528c46c5&#8243; hover_enabled=&#8221;0&#8243; global_colors_info=&#8221;{}&#8221; show_in_lightbox=&#8221;on&#8221; sticky_enabled=&#8221;0&#8243;][\/et_pb_image][\/et_pb_column][\/et_pb_row][\/et_pb_section]<\/p>\n","protected":false},"excerpt":{"rendered":"<p>B3DC Acabats per a la impressi\u00f3 cer\u00e0mica 3DEsmalts de cer\u00e0micaOr, coure, plat\u00ed.Terracota, gres, porcellana&#8230;Craquelat, textures, aig\u00fces.<\/p>\n","protected":false},"author":1,"featured_media":0,"parent":0,"menu_order":0,"comment_status":"closed","ping_status":"closed","template":"","meta":{"_acf_changed":false,"_et_pb_use_builder":"on","_et_pb_old_content":"<!-- wp:divi\/placeholder \/-->","_et_gb_content_width":"","footnotes":""},"dipi_cpt_category":[],"class_list":["post-33","page","type-page","status-publish","hentry"],"acf":[],"_links":{"self":[{"href":"https:\/\/www.bcn3dceramics.com\/ca\/wp-json\/wp\/v2\/pages\/33","targetHints":{"allow":["GET"]}}],"collection":[{"href":"https:\/\/www.bcn3dceramics.com\/ca\/wp-json\/wp\/v2\/pages"}],"about":[{"href":"https:\/\/www.bcn3dceramics.com\/ca\/wp-json\/wp\/v2\/types\/page"}],"author":[{"embeddable":true,"href":"https:\/\/www.bcn3dceramics.com\/ca\/wp-json\/wp\/v2\/users\/1"}],"replies":[{"embeddable":true,"href":"https:\/\/www.bcn3dceramics.com\/ca\/wp-json\/wp\/v2\/comments?post=33"}],"version-history":[{"count":16,"href":"https:\/\/www.bcn3dceramics.com\/ca\/wp-json\/wp\/v2\/pages\/33\/revisions"}],"predecessor-version":[{"id":2671,"href":"https:\/\/www.bcn3dceramics.com\/ca\/wp-json\/wp\/v2\/pages\/33\/revisions\/2671"}],"wp:attachment":[{"href":"https:\/\/www.bcn3dceramics.com\/ca\/wp-json\/wp\/v2\/media?parent=33"}],"wp:term":[{"taxonomy":"dipi_cpt_category","embeddable":true,"href":"https:\/\/www.bcn3dceramics.com\/ca\/wp-json\/wp\/v2\/dipi_cpt_category?post=33"}],"curies":[{"name":"wp","href":"https:\/\/api.w.org\/{rel}","templated":true}]}}